{"id":1757,"date":"2024-11-05T09:00:01","date_gmt":"2024-11-05T08:00:01","guid":{"rendered":"https:\/\/www.mantovasitiweb.it\/dev\/chi-siamo\/"},"modified":"2024-12-04T16:20:31","modified_gmt":"2024-12-04T15:20:31","slug":"chi-siamo","status":"publish","type":"page","link":"https:\/\/www.villachiara.com\/de\/chi-siamo\/","title":{"rendered":"Wer wir sind"},"content":{"rendered":"<div class=\"wpb-content-wrapper\"><p>[vc_row full_width=&#8221;stretch_row_content_no_spaces&#8221;][vc_column][vc_single_image image=&#8221;1177&#8243; img_size=&#8221;full&#8221; css=&#8221;&#8221;]<div class=\"clearboth\"><\/div><style>#thegem-divider-6a04793400fa7 {margin-top: 50px !important;}<\/style><div id=\"thegem-divider-6a04793400fa7\" class=\"gem-divider  \" style=\"\" ><\/div>[\/vc_column][\/vc_row][vc_row][vc_column][vc_custom_heading text=&#8221;Wer wir sind&#8221; font_container=&#8221;tag:h1|text_align:left&#8221; use_theme_fonts=&#8221;yes&#8221; css=&#8221;&#8221;][\/vc_column][\/vc_row][vc_row][vc_column width=&#8221;1\/2&#8243;][vc_column_text css=&#8221;&#8221;]<\/p>\n<div class=\"wpb_text_column wpb_content_element \">\n<div class=\"wpb_wrapper\">\n<p>Unser Abenteuer hat mit den ersten G\u00e4sten im <strong>Jahr 1996<\/strong> begonnen. Die Idee dazu entstand im August des Vorjahres. Von einem Reisenden wurden wir zuf\u00e4llig nach einer \u00dcbernachtungsm\u00f6glichkeit gefragt. An diesem Abend konnten wir das gesuchte <strong>Zimmer<\/strong> nicht bereitstellen, doch von da an lie\u00df uns der Gedanke nicht los, selbst in den Tourismus einzusteigen.<\/p>\n<p>&nbsp;<\/p>\n<p>Unser Haus wurde zur <strong>\u201eVilla Chiara\u201c<\/strong> und damit zu einem bequemen R\u00fcckzugsort f\u00fcr einen Urlaub in der N\u00e4he der besten italienischen Freizeitparks am <strong>Gardasee<\/strong>.<\/p>\n<p>&nbsp;<\/p>\n<p>In den letzten Jahren haben wir versucht, unsere G\u00e4ste immer besser aufzunehmen. Oft entschlie\u00dfen sie sich dazu, auch nur eine Nacht bei uns zu verbringen und sie werden wie ein Familienmitglied aufgenommen.<\/p>\n<p>&nbsp;<\/p>\n<p>Vor ein paar Jahren haben wir unser Angebot mit <strong>\u201eDa Giorgio\u201c<\/strong> erweitern k\u00f6nnen. Jetzt bieten wir auch bequeme <strong>Appartements mit allem Komfort wie zuhause an<\/strong>.<\/p>\n<p>&nbsp;<\/p>\n<p>Viele Jahre sind seit 1996 vergangen, aber wir sind noch immer dieselben, mit einem L\u00e4cheln auf den Lippen, und freuen uns, jeden aufzunehmen, der den Gardasee und unsere Familie kennenlernen will.<\/p>\n<p>&nbsp;<\/p>\n<p><strong>Sch\u00f6nen Urlaub euch allen!<\/strong><\/p>\n<\/div>\n<\/div>\n<p>[\/vc_column_text]<div class=\"clearboth\"><\/div><style>#thegem-divider-6a04793401025 {margin-top: 80px !important;}<\/style><div id=\"thegem-divider-6a04793401025\" class=\"gem-divider  \" style=\"\" ><\/div>[\/vc_column][vc_column width=&#8221;1\/2&#8243;]<style>.gem-gallery-grid#style-6a047934013d6 .gallery-item { padding: calc(5px\/2) !important; }.gem-gallery-grid#style-6a047934013d6 .gallery-set { margin-top: calc(-5px\/2); margin-bottom: calc(-5px\/2); }.gem-gallery-grid#style-6a047934013d6 .not-fullwidth-block .gallery-set, .gem-gallery-grid#style-6a047934013d6 .not-fullwidth-block .portfolio-item-size-container { margin-left: calc(-5px\/2); margin-right: calc(-5px\/2); }.gem-gallery-grid#style-6a047934013d6 .fullwidth-block { padding-left: calc(5px\/2); padding-right: calc(5px\/2); }.gem-gallery-grid#style-6a047934013d6 .portfolio-filters { text-align: center }<\/style> <div class=\"gallery-preloader-wrapper\"> <div class=\"row\"> <div id=\"style-6a047934013d6\" class=\"gem-gallery-grid col-lg-12 col-md-12 col-sm-12 gallery-style-justified hover-default loading-animation item-animation-move-up columns-2 columns-tablet-2 columns-mobile-1 gaps-margin disable-isotope \" data-hover=\"default\" data-uid=\"6a047934013d6\" data-filter=\"[]\"> <div class=\"portfolio not-fullwidth-block \"> <ul class=\"gallery-set clearfix\" data-max-row-height=\"380\"> <li class=\"gallery-item gallery-0 col-xs-12 col-sm-6 col-md-6 item-animations-not-inited single-icon post-1757 page type-page status-publish\" style=\"\"> <div class=\"wrap gem-wrapbox-style-default\"> <div class=\"overlay-wrap\"> <div class=\"image-wrap \"> <picture> <source srcset=\"https:\/\/www.villachiara.com\/wp-content\/uploads\/2024\/11\/1-thegem-product-justified-square-xl.jpg 1x\" sizes=\"100vw\"> <img src=\"https:\/\/www.villachiara.com\/wp-content\/uploads\/2024\/11\/1-thegem-product-justified-square-xl.jpg\" width=\"700\" height=\"525\" class=\"attachment-thegem-product-justified-square-xl\" alt=\"1\" \/> <\/picture> <\/div> <div class=\"overlay \"> <div class=\"overlay-circle\"><\/div> <a href=\"https:\/\/www.villachiara.com\/wp-content\/uploads\/2024\/11\/1.jpg\" class=\"gallery-item-link fancy-gallery\" data-fancybox=\"gallery-6a047934013d6\"> <span class=\"slide-info\"> <\/span> <\/a> <div class=\"overlay-content\"> <div class=\"overlay-content-center\"> <div class=\"overlay-content-inner\"> <a href=\"https:\/\/www.villachiara.com\/wp-content\/uploads\/2024\/11\/1.jpg\" class=\"icon photo \" > <\/a> <div class=\"overlay-line\"><\/div> <\/div> <\/div> <\/div> <\/div> <\/div> <\/div> <\/li> <li class=\"gallery-item gallery-0 col-xs-12 col-sm-6 col-md-6 item-animations-not-inited single-icon post-1757 page type-page status-publish\" style=\"\"> <div class=\"wrap gem-wrapbox-style-default\"> <div class=\"overlay-wrap\"> <div class=\"image-wrap \"> <picture> <source srcset=\"https:\/\/www.villachiara.com\/wp-content\/uploads\/2024\/11\/2-thegem-product-justified-square-xl.jpg 1x\" sizes=\"100vw\"> <img src=\"https:\/\/www.villachiara.com\/wp-content\/uploads\/2024\/11\/2-thegem-product-justified-square-xl.jpg\" width=\"700\" height=\"525\" class=\"attachment-thegem-product-justified-square-xl\" alt=\"2\" \/> <\/picture> <\/div> <div class=\"overlay \"> <div class=\"overlay-circle\"><\/div> <a href=\"https:\/\/www.villachiara.com\/wp-content\/uploads\/2024\/11\/2.jpg\" class=\"gallery-item-link fancy-gallery\" data-fancybox=\"gallery-6a047934013d6\"> <span class=\"slide-info\"> <\/span> <\/a> <div class=\"overlay-content\"> <div class=\"overlay-content-center\"> <div class=\"overlay-content-inner\"> <a href=\"https:\/\/www.villachiara.com\/wp-content\/uploads\/2024\/11\/2.jpg\" class=\"icon photo \" > <\/a> <div class=\"overlay-line\"><\/div> <\/div> <\/div> <\/div> <\/div> <\/div> <\/div> <\/li> <li class=\"gallery-item gallery-0 col-xs-12 col-sm-6 col-md-6 item-animations-not-inited single-icon post-1757 page type-page status-publish\" style=\"\"> <div class=\"wrap gem-wrapbox-style-default\"> <div class=\"overlay-wrap\"> <div class=\"image-wrap \"> <picture> <source srcset=\"https:\/\/www.villachiara.com\/wp-content\/uploads\/2024\/11\/4-thegem-product-justified-square-xl.jpg 1x\" sizes=\"100vw\"> <img src=\"https:\/\/www.villachiara.com\/wp-content\/uploads\/2024\/11\/4-thegem-product-justified-square-xl.jpg\" width=\"700\" height=\"525\" class=\"attachment-thegem-product-justified-square-xl\" alt=\"4\" \/> <\/picture> <\/div> <div class=\"overlay \"> <div class=\"overlay-circle\"><\/div> <a href=\"https:\/\/www.villachiara.com\/wp-content\/uploads\/2024\/11\/4.jpg\" class=\"gallery-item-link fancy-gallery\" data-fancybox=\"gallery-6a047934013d6\"> <span class=\"slide-info\"> <\/span> <\/a> <div class=\"overlay-content\"> <div class=\"overlay-content-center\"> <div class=\"overlay-content-inner\"> <a href=\"https:\/\/www.villachiara.com\/wp-content\/uploads\/2024\/11\/4.jpg\" class=\"icon photo \" > <\/a> <div class=\"overlay-line\"><\/div> <\/div> <\/div> <\/div> <\/div> <\/div> <\/div> <\/li> <li class=\"gallery-item gallery-0 col-xs-12 col-sm-6 col-md-6 item-animations-not-inited single-icon post-1757 page type-page status-publish\" style=\"\"> <div class=\"wrap gem-wrapbox-style-default\"> <div class=\"overlay-wrap\"> <div class=\"image-wrap \"> <picture> <source srcset=\"https:\/\/www.villachiara.com\/wp-content\/uploads\/2024\/11\/5-thegem-product-justified-square-xl.jpg 1x\" sizes=\"100vw\"> <img src=\"https:\/\/www.villachiara.com\/wp-content\/uploads\/2024\/11\/5-thegem-product-justified-square-xl.jpg\" width=\"700\" height=\"525\" class=\"attachment-thegem-product-justified-square-xl\" alt=\"5\" \/> <\/picture> <\/div> <div class=\"overlay \"> <div class=\"overlay-circle\"><\/div> <a href=\"https:\/\/www.villachiara.com\/wp-content\/uploads\/2024\/11\/5.jpg\" class=\"gallery-item-link fancy-gallery\" data-fancybox=\"gallery-6a047934013d6\"> <span class=\"slide-info\"> <\/span> <\/a> <div class=\"overlay-content\"> <div class=\"overlay-content-center\"> <div class=\"overlay-content-inner\"> <a href=\"https:\/\/www.villachiara.com\/wp-content\/uploads\/2024\/11\/5.jpg\" class=\"icon photo \" > <\/a> <div class=\"overlay-line\"><\/div> <\/div> <\/div> <\/div> <\/div> <\/div> <\/div> <\/li> <li class=\"gallery-item gallery-0 col-xs-12 col-sm-6 col-md-6 item-animations-not-inited single-icon post-1757 page type-page status-publish\" style=\"\"> <div class=\"wrap gem-wrapbox-style-default\"> <div class=\"overlay-wrap\"> <div class=\"image-wrap \"> <picture> <source srcset=\"https:\/\/www.villachiara.com\/wp-content\/uploads\/2024\/11\/6-thegem-product-justified-square-xl.jpg 1x\" sizes=\"100vw\"> <img src=\"https:\/\/www.villachiara.com\/wp-content\/uploads\/2024\/11\/6-thegem-product-justified-square-xl.jpg\" width=\"700\" height=\"525\" class=\"attachment-thegem-product-justified-square-xl\" alt=\"6\" \/> <\/picture> <\/div> <div class=\"overlay \"> <div class=\"overlay-circle\"><\/div> <a href=\"https:\/\/www.villachiara.com\/wp-content\/uploads\/2024\/11\/6.jpg\" class=\"gallery-item-link fancy-gallery\" data-fancybox=\"gallery-6a047934013d6\"> <span class=\"slide-info\"> <\/span> <\/a> <div class=\"overlay-content\"> <div class=\"overlay-content-center\"> <div class=\"overlay-content-inner\"> <a href=\"https:\/\/www.villachiara.com\/wp-content\/uploads\/2024\/11\/6.jpg\" class=\"icon photo \" > <\/a> <div class=\"overlay-line\"><\/div> <\/div> <\/div> <\/div> <\/div> <\/div> <\/div> <\/li> <li class=\"gallery-item gallery-0 col-xs-12 col-sm-6 col-md-6 item-animations-not-inited single-icon post-1757 page type-page status-publish\" style=\"\"> <div class=\"wrap gem-wrapbox-style-default\"> <div class=\"overlay-wrap\"> <div class=\"image-wrap \"> <picture> <source srcset=\"https:\/\/www.villachiara.com\/wp-content\/uploads\/2024\/11\/7-thegem-product-justified-square-xl.jpg 1x\" sizes=\"100vw\"> <img src=\"https:\/\/www.villachiara.com\/wp-content\/uploads\/2024\/11\/7-thegem-product-justified-square-xl.jpg\" width=\"700\" height=\"525\" class=\"attachment-thegem-product-justified-square-xl\" alt=\"7\" \/> <\/picture> <\/div> <div class=\"overlay \"> <div class=\"overlay-circle\"><\/div> <a href=\"https:\/\/www.villachiara.com\/wp-content\/uploads\/2024\/11\/7.jpg\" class=\"gallery-item-link fancy-gallery\" data-fancybox=\"gallery-6a047934013d6\"> <span class=\"slide-info\"> <\/span> <\/a> <div class=\"overlay-content\"> <div class=\"overlay-content-center\"> <div class=\"overlay-content-inner\"> <a href=\"https:\/\/www.villachiara.com\/wp-content\/uploads\/2024\/11\/7.jpg\" class=\"icon photo \" > <\/a> <div class=\"overlay-line\"><\/div> <\/div> <\/div> <\/div> <\/div> <\/div> <\/div> <\/li> <\/ul> <\/div> <\/div> <\/div> <\/div><div class=\"clearboth\"><\/div><style>#thegem-divider-6a047934034bd {margin-top: 80px !important;}<\/style><div id=\"thegem-divider-6a047934034bd\" class=\"gem-divider  \" style=\"\" ><\/div>[\/vc_column][\/vc_row]<\/p>\n<\/div>","protected":false},"excerpt":{"rendered":"<p>[vc_row full_width=&#8221;stretch_row_content_no_spaces&#8221;][vc_column][vc_single_image image=&#8221;1177&#8243; img_size=&#8221;full&#8221; css=&#8221;&#8221;][\/vc_column][\/vc_row][vc_row][vc_column][vc_custom_heading text=&#8221;Wer wir sind&#8221; font_container=&#8221;tag:h1|text_align:left&#8221; use_theme_fonts=&#8221;yes&#8221; css=&#8221;&#8221;][\/vc_column][\/vc_row][vc_row][vc_column width=&#8221;1\/2&#8243;][vc_column_text css=&#8221;&#8221;] Unser Abenteuer hat mit den ersten G\u00e4sten&#8230;<\/p>\n","protected":false},"author":1,"featured_media":0,"parent":0,"menu_order":0,"comment_status":"closed","ping_status":"closed","template":"","meta":{"footnotes":""},"class_list":["post-1757","page","type-page","status-publish"],"_links":{"self":[{"href":"https:\/\/www.villachiara.com\/de\/wp-json\/wp\/v2\/pages\/1757","targetHints":{"allow":["GET"]}}],"collection":[{"href":"https:\/\/www.villachiara.com\/de\/wp-json\/wp\/v2\/pages"}],"about":[{"href":"https:\/\/www.villachiara.com\/de\/wp-json\/wp\/v2\/types\/page"}],"author":[{"embeddable":true,"href":"https:\/\/www.villachiara.com\/de\/wp-json\/wp\/v2\/users\/1"}],"replies":[{"embeddable":true,"href":"https:\/\/www.villachiara.com\/de\/wp-json\/wp\/v2\/comments?post=1757"}],"version-history":[{"count":1,"href":"https:\/\/www.villachiara.com\/de\/wp-json\/wp\/v2\/pages\/1757\/revisions"}],"predecessor-version":[{"id":1760,"href":"https:\/\/www.villachiara.com\/de\/wp-json\/wp\/v2\/pages\/1757\/revisions\/1760"}],"wp:attachment":[{"href":"https:\/\/www.villachiara.com\/de\/wp-json\/wp\/v2\/media?parent=1757"}],"curies":[{"name":"wp","href":"https:\/\/api.w.org\/{rel}","templated":true}]}}