{"id":1763,"date":"2024-11-05T09:20:15","date_gmt":"2024-11-05T08:20:15","guid":{"rendered":"https:\/\/www.mantovasitiweb.it\/dev\/camere-lago-di-garda\/"},"modified":"2024-12-04T17:54:12","modified_gmt":"2024-12-04T16:54:12","slug":"camere-lago-di-garda","status":"publish","type":"page","link":"https:\/\/www.villachiara.com\/de\/camere-lago-di-garda\/","title":{"rendered":"zimmer"},"content":{"rendered":"<div class=\"wpb-content-wrapper\"><p>[vc_row full_width=&#8221;stretch_row_content_no_spaces&#8221;][vc_column][vc_single_image image=&#8221;1175&#8243; img_size=&#8221;full&#8221; css=&#8221;&#8221;]<div class=\"clearboth\"><\/div><style>#thegem-divider-6a046d5578141 {margin-top: 50px !important;}<\/style><div id=\"thegem-divider-6a046d5578141\" class=\"gem-divider  \" style=\"\" ><\/div>[\/vc_column][\/vc_row][vc_row][vc_column][vc_custom_heading source=&#8221;post_title&#8221; font_container=&#8221;tag:h1|text_align:left&#8221; use_theme_fonts=&#8221;yes&#8221; css=&#8221;&#8221;][\/vc_column][\/vc_row][vc_row][vc_column width=&#8221;1\/2&#8243;][vc_column_text css=&#8221;&#8221;]Die Zimmer sind elegant und liebevoll mit jeglichem Komfort eingerichtet und verf\u00fcgen \u00fcber ma\u00dfgeschneiderte M\u00f6bel, <strong>TV mit Satellitenkan\u00e4len<\/strong>, <strong>Klimaanlage\/Heizung<\/strong> und <strong>Wi-Fi-Internet<\/strong>. Die Villa Chiara verf\u00fcgt \u00fcber gut ausgestattete und gem\u00fctliche Zimmer mit Fr\u00fchst\u00fcck.<\/p>\n<p>Alle Zimmer verf\u00fcgen \u00fcber ein eigenes Bad mit Dusche und Haartrockner. Es besteht die M\u00f6glichkeit, zwei oder mehr Zusatzbetten aufzustellen.[\/vc_column_text]<div class=\"clearboth\"><\/div><style>#thegem-divider-6a046d55781a4 {margin-top: 80px !important;}<\/style><div id=\"thegem-divider-6a046d55781a4\" class=\"gem-divider  \" style=\"\" ><\/div>[vc_custom_heading text=&#8221;Inklusive Dienstleistungen&#8221; use_theme_fonts=&#8221;yes&#8221; css=&#8221;&#8221;][vc_column_text css=&#8221;&#8221;]<\/p>\n<ul>\n<li><strong>K\u00dcHLSCHRANK IM ZIMMER<\/strong><\/li>\n<li><strong>EIGENES BAD MIT HAARTROCKNER<\/strong><\/li>\n<li><strong>KOSTENLOSER PARKPLATZ<\/strong><\/li>\n<li><strong>SICHERHEIT<\/strong><\/li>\n<li><strong>COURTESY KIT<\/strong><\/li>\n<li><strong>GARDEROBE\/KLEIDERSCHRANK, SCHREIBTISCH<\/strong><\/li>\n<li><strong>TISCH, ST\u00dcHLE UND LIEGEST\u00dcHLE<\/strong><\/li>\n<li><strong>BETTW\u00c4SCHE UND HANDT\u00dcCHER<\/strong><\/li>\n<li><strong>KOSTENLOSES INTERNET IM GESAMTEN HAUS<\/strong><\/li>\n<li><strong>LCD-FERNSEHER MIT SATELLITENPROGRAMMEN<\/strong><\/li>\n<li><strong>KLIMAANLAGE UND HEIZUNG<\/strong><\/li>\n<li><strong>FR\u00dcHST\u00dcCKSBUFFET<\/strong><\/li>\n<\/ul>\n<p>[\/vc_column_text]<div class=\"clearboth\"><\/div><style>#thegem-divider-6a046d55781db {margin-top: 80px !important;}<\/style><div id=\"thegem-divider-6a046d55781db\" class=\"gem-divider  \" style=\"\" ><\/div>[\/vc_column][vc_column width=&#8221;1\/2&#8243;]<style>.gem-gallery-grid#style-6a046d55784fb .gallery-item { padding: calc(5px\/2) !important; }.gem-gallery-grid#style-6a046d55784fb .gallery-set { margin-top: calc(-5px\/2); margin-bottom: calc(-5px\/2); }.gem-gallery-grid#style-6a046d55784fb .not-fullwidth-block .gallery-set, .gem-gallery-grid#style-6a046d55784fb .not-fullwidth-block .portfolio-item-size-container { margin-left: calc(-5px\/2); margin-right: calc(-5px\/2); }.gem-gallery-grid#style-6a046d55784fb .fullwidth-block { padding-left: calc(5px\/2); padding-right: calc(5px\/2); }.gem-gallery-grid#style-6a046d55784fb .portfolio-filters { text-align: center }<\/style> <div class=\"gallery-preloader-wrapper\"> <div class=\"row\"> <div id=\"style-6a046d55784fb\" class=\"gem-gallery-grid col-lg-12 col-md-12 col-sm-12 gallery-style-justified hover-default loading-animation item-animation-move-up columns-3 columns-tablet-2 columns-mobile-1 gaps-margin disable-isotope \" data-hover=\"default\" data-uid=\"6a046d55784fb\" data-filter=\"[]\"> <div class=\"portfolio not-fullwidth-block \"> <ul class=\"gallery-set clearfix\" data-max-row-height=\"380\"> <li class=\"gallery-item gallery-0 col-xs-12 col-sm-6 col-md-4 item-animations-not-inited single-icon post-1763 page type-page status-publish\" style=\"\"> <div class=\"wrap gem-wrapbox-style-default\"> <div class=\"overlay-wrap\"> <div class=\"image-wrap \"> <picture> <source srcset=\"https:\/\/www.villachiara.com\/wp-content\/uploads\/2024\/11\/DSC_0257-thegem-product-justified-square-m.jpg 1x\" sizes=\"100vw\"> <img src=\"https:\/\/www.villachiara.com\/wp-content\/uploads\/2024\/11\/DSC_0257-thegem-product-justified-square-m.jpg\" width=\"400\" height=\"400\" class=\"attachment-thegem-product-justified-square-m\" alt=\"DSC_0257\" \/> <\/picture> <\/div> <div class=\"overlay \"> <div class=\"overlay-circle\"><\/div> <a href=\"https:\/\/www.villachiara.com\/wp-content\/uploads\/2024\/11\/DSC_0257.jpg\" class=\"gallery-item-link fancy-gallery\" data-fancybox=\"gallery-6a046d55784fb\"> <span class=\"slide-info\"> <\/span> <\/a> <div class=\"overlay-content\"> <div class=\"overlay-content-center\"> <div class=\"overlay-content-inner\"> <a href=\"https:\/\/www.villachiara.com\/wp-content\/uploads\/2024\/11\/DSC_0257.jpg\" class=\"icon photo \" > <\/a> <div class=\"overlay-line\"><\/div> <\/div> <\/div> <\/div> <\/div> <\/div> <\/div> <\/li> <li class=\"gallery-item gallery-0 col-xs-12 col-sm-6 col-md-4 item-animations-not-inited single-icon post-1763 page type-page status-publish\" style=\"\"> <div class=\"wrap gem-wrapbox-style-default\"> <div class=\"overlay-wrap\"> <div class=\"image-wrap \"> <picture> <source srcset=\"https:\/\/www.villachiara.com\/wp-content\/uploads\/2024\/11\/DSC_0335-thegem-product-justified-square-m.jpg 1x\" sizes=\"100vw\"> <img src=\"https:\/\/www.villachiara.com\/wp-content\/uploads\/2024\/11\/DSC_0335-thegem-product-justified-square-m.jpg\" width=\"400\" height=\"400\" class=\"attachment-thegem-product-justified-square-m\" alt=\"DSC_0335\" \/> <\/picture> <\/div> <div class=\"overlay \"> <div class=\"overlay-circle\"><\/div> <a href=\"https:\/\/www.villachiara.com\/wp-content\/uploads\/2024\/11\/DSC_0335.jpg\" class=\"gallery-item-link fancy-gallery\" data-fancybox=\"gallery-6a046d55784fb\"> <span class=\"slide-info\"> <\/span> <\/a> <div class=\"overlay-content\"> <div class=\"overlay-content-center\"> <div class=\"overlay-content-inner\"> <a href=\"https:\/\/www.villachiara.com\/wp-content\/uploads\/2024\/11\/DSC_0335.jpg\" class=\"icon photo \" > <\/a> <div class=\"overlay-line\"><\/div> <\/div> <\/div> <\/div> <\/div> <\/div> <\/div> <\/li> <li class=\"gallery-item gallery-0 col-xs-12 col-sm-6 col-md-4 item-animations-not-inited single-icon post-1763 page type-page status-publish\" style=\"\"> <div class=\"wrap gem-wrapbox-style-default\"> <div class=\"overlay-wrap\"> <div class=\"image-wrap \"> <picture> <source srcset=\"https:\/\/www.villachiara.com\/wp-content\/uploads\/2024\/11\/DSC_0336-thegem-product-justified-square-m.jpg 1x\" sizes=\"100vw\"> <img src=\"https:\/\/www.villachiara.com\/wp-content\/uploads\/2024\/11\/DSC_0336-thegem-product-justified-square-m.jpg\" width=\"400\" height=\"400\" class=\"attachment-thegem-product-justified-square-m\" alt=\"DSC_0336\" \/> <\/picture> <\/div> <div class=\"overlay \"> <div class=\"overlay-circle\"><\/div> <a href=\"https:\/\/www.villachiara.com\/wp-content\/uploads\/2024\/11\/DSC_0336.jpg\" class=\"gallery-item-link fancy-gallery\" data-fancybox=\"gallery-6a046d55784fb\"> <span class=\"slide-info\"> <\/span> <\/a> <div class=\"overlay-content\"> <div class=\"overlay-content-center\"> <div class=\"overlay-content-inner\"> <a href=\"https:\/\/www.villachiara.com\/wp-content\/uploads\/2024\/11\/DSC_0336.jpg\" class=\"icon photo \" > <\/a> <div class=\"overlay-line\"><\/div> <\/div> <\/div> <\/div> <\/div> <\/div> <\/div> <\/li> <li class=\"gallery-item gallery-0 col-xs-12 col-sm-6 col-md-4 item-animations-not-inited single-icon post-1763 page type-page status-publish\" style=\"\"> <div class=\"wrap gem-wrapbox-style-default\"> <div class=\"overlay-wrap\"> <div class=\"image-wrap \"> <picture> <source srcset=\"https:\/\/www.villachiara.com\/wp-content\/uploads\/2024\/11\/DSC_0338-thegem-product-justified-square-m.jpg 1x\" sizes=\"100vw\"> <img src=\"https:\/\/www.villachiara.com\/wp-content\/uploads\/2024\/11\/DSC_0338-thegem-product-justified-square-m.jpg\" width=\"400\" height=\"400\" class=\"attachment-thegem-product-justified-square-m\" alt=\"DSC_0338\" \/> <\/picture> <\/div> <div class=\"overlay \"> <div class=\"overlay-circle\"><\/div> <a href=\"https:\/\/www.villachiara.com\/wp-content\/uploads\/2024\/11\/DSC_0338.jpg\" class=\"gallery-item-link fancy-gallery\" data-fancybox=\"gallery-6a046d55784fb\"> <span class=\"slide-info\"> <\/span> <\/a> <div class=\"overlay-content\"> <div class=\"overlay-content-center\"> <div class=\"overlay-content-inner\"> <a href=\"https:\/\/www.villachiara.com\/wp-content\/uploads\/2024\/11\/DSC_0338.jpg\" class=\"icon photo \" > <\/a> <div class=\"overlay-line\"><\/div> <\/div> <\/div> <\/div> <\/div> <\/div> <\/div> <\/li> <li class=\"gallery-item gallery-0 col-xs-12 col-sm-6 col-md-4 item-animations-not-inited single-icon post-1763 page type-page status-publish\" style=\"\"> <div class=\"wrap gem-wrapbox-style-default\"> <div class=\"overlay-wrap\"> <div class=\"image-wrap \"> <picture> <source srcset=\"https:\/\/www.villachiara.com\/wp-content\/uploads\/2024\/11\/DSC_0379-thegem-product-justified-square-m.jpg 1x\" sizes=\"100vw\"> <img src=\"https:\/\/www.villachiara.com\/wp-content\/uploads\/2024\/11\/DSC_0379-thegem-product-justified-square-m.jpg\" width=\"400\" height=\"400\" class=\"attachment-thegem-product-justified-square-m\" alt=\"DSC_0379\" \/> <\/picture> <\/div> <div class=\"overlay \"> <div class=\"overlay-circle\"><\/div> <a href=\"https:\/\/www.villachiara.com\/wp-content\/uploads\/2024\/11\/DSC_0379.jpg\" class=\"gallery-item-link fancy-gallery\" data-fancybox=\"gallery-6a046d55784fb\"> <span class=\"slide-info\"> <\/span> <\/a> <div class=\"overlay-content\"> <div class=\"overlay-content-center\"> <div class=\"overlay-content-inner\"> <a href=\"https:\/\/www.villachiara.com\/wp-content\/uploads\/2024\/11\/DSC_0379.jpg\" class=\"icon photo \" > <\/a> <div class=\"overlay-line\"><\/div> <\/div> <\/div> <\/div> <\/div> <\/div> <\/div> <\/li> <li class=\"gallery-item gallery-0 col-xs-12 col-sm-6 col-md-4 item-animations-not-inited single-icon post-1763 page type-page status-publish\" style=\"\"> <div class=\"wrap gem-wrapbox-style-default\"> <div class=\"overlay-wrap\"> <div class=\"image-wrap \"> <picture> <source srcset=\"https:\/\/www.villachiara.com\/wp-content\/uploads\/2024\/11\/DSC_0383-thegem-product-justified-square-m.jpg 1x\" sizes=\"100vw\"> <img src=\"https:\/\/www.villachiara.com\/wp-content\/uploads\/2024\/11\/DSC_0383-thegem-product-justified-square-m.jpg\" width=\"400\" height=\"400\" class=\"attachment-thegem-product-justified-square-m\" alt=\"DSC_0383\" \/> <\/picture> <\/div> <div class=\"overlay \"> <div class=\"overlay-circle\"><\/div> <a href=\"https:\/\/www.villachiara.com\/wp-content\/uploads\/2024\/11\/DSC_0383.jpg\" class=\"gallery-item-link fancy-gallery\" data-fancybox=\"gallery-6a046d55784fb\"> <span class=\"slide-info\"> <\/span> <\/a> <div class=\"overlay-content\"> <div class=\"overlay-content-center\"> <div class=\"overlay-content-inner\"> <a href=\"https:\/\/www.villachiara.com\/wp-content\/uploads\/2024\/11\/DSC_0383.jpg\" class=\"icon photo \" > <\/a> <div class=\"overlay-line\"><\/div> <\/div> <\/div> <\/div> <\/div> <\/div> <\/div> <\/li> <li class=\"gallery-item gallery-0 col-xs-12 col-sm-6 col-md-4 item-animations-not-inited single-icon post-1763 page type-page status-publish\" style=\"\"> <div class=\"wrap gem-wrapbox-style-default\"> <div class=\"overlay-wrap\"> <div class=\"image-wrap \"> <picture> <source srcset=\"https:\/\/www.villachiara.com\/wp-content\/uploads\/2024\/11\/DSC_0385-thegem-product-justified-square-m.jpg 1x\" sizes=\"100vw\"> <img src=\"https:\/\/www.villachiara.com\/wp-content\/uploads\/2024\/11\/DSC_0385-thegem-product-justified-square-m.jpg\" width=\"400\" height=\"400\" class=\"attachment-thegem-product-justified-square-m\" alt=\"DSC_0385\" \/> <\/picture> <\/div> <div class=\"overlay \"> <div class=\"overlay-circle\"><\/div> <a href=\"https:\/\/www.villachiara.com\/wp-content\/uploads\/2024\/11\/DSC_0385.jpg\" class=\"gallery-item-link fancy-gallery\" data-fancybox=\"gallery-6a046d55784fb\"> <span class=\"slide-info\"> <\/span> <\/a> <div class=\"overlay-content\"> <div class=\"overlay-content-center\"> <div class=\"overlay-content-inner\"> <a href=\"https:\/\/www.villachiara.com\/wp-content\/uploads\/2024\/11\/DSC_0385.jpg\" class=\"icon photo \" > <\/a> <div class=\"overlay-line\"><\/div> <\/div> <\/div> <\/div> <\/div> <\/div> <\/div> <\/li> <li class=\"gallery-item gallery-0 col-xs-12 col-sm-6 col-md-4 item-animations-not-inited single-icon post-1763 page type-page status-publish\" style=\"\"> <div class=\"wrap gem-wrapbox-style-default\"> <div class=\"overlay-wrap\"> <div class=\"image-wrap \"> <picture> <source srcset=\"https:\/\/www.villachiara.com\/wp-content\/uploads\/2024\/11\/DSC_0386-thegem-product-justified-square-m.jpg 1x\" sizes=\"100vw\"> <img src=\"https:\/\/www.villachiara.com\/wp-content\/uploads\/2024\/11\/DSC_0386-thegem-product-justified-square-m.jpg\" width=\"400\" height=\"400\" class=\"attachment-thegem-product-justified-square-m\" alt=\"DSC_0386\" \/> <\/picture> <\/div> <div class=\"overlay \"> <div class=\"overlay-circle\"><\/div> <a href=\"https:\/\/www.villachiara.com\/wp-content\/uploads\/2024\/11\/DSC_0386.jpg\" class=\"gallery-item-link fancy-gallery\" data-fancybox=\"gallery-6a046d55784fb\"> <span class=\"slide-info\"> <\/span> <\/a> <div class=\"overlay-content\"> <div class=\"overlay-content-center\"> <div class=\"overlay-content-inner\"> <a href=\"https:\/\/www.villachiara.com\/wp-content\/uploads\/2024\/11\/DSC_0386.jpg\" class=\"icon photo \" > <\/a> <div class=\"overlay-line\"><\/div> <\/div> <\/div> <\/div> <\/div> <\/div> <\/div> <\/li> <li class=\"gallery-item gallery-0 col-xs-12 col-sm-6 col-md-4 item-animations-not-inited single-icon post-1763 page type-page status-publish\" style=\"\"> <div class=\"wrap gem-wrapbox-style-default\"> <div class=\"overlay-wrap\"> <div class=\"image-wrap \"> <picture> <source srcset=\"https:\/\/www.villachiara.com\/wp-content\/uploads\/2024\/11\/DSC_0392-thegem-product-justified-square-m.jpg 1x\" sizes=\"100vw\"> <img src=\"https:\/\/www.villachiara.com\/wp-content\/uploads\/2024\/11\/DSC_0392-thegem-product-justified-square-m.jpg\" width=\"400\" height=\"400\" class=\"attachment-thegem-product-justified-square-m\" alt=\"DSC_0392\" \/> <\/picture> <\/div> <div class=\"overlay \"> <div class=\"overlay-circle\"><\/div> <a href=\"https:\/\/www.villachiara.com\/wp-content\/uploads\/2024\/11\/DSC_0392.jpg\" class=\"gallery-item-link fancy-gallery\" data-fancybox=\"gallery-6a046d55784fb\"> <span class=\"slide-info\"> <\/span> <\/a> <div class=\"overlay-content\"> <div class=\"overlay-content-center\"> <div class=\"overlay-content-inner\"> <a href=\"https:\/\/www.villachiara.com\/wp-content\/uploads\/2024\/11\/DSC_0392.jpg\" class=\"icon photo \" > <\/a> <div class=\"overlay-line\"><\/div> <\/div> <\/div> <\/div> <\/div> <\/div> <\/div> <\/li> <li class=\"gallery-item gallery-0 col-xs-12 col-sm-6 col-md-4 item-animations-not-inited single-icon post-1763 page type-page status-publish\" style=\"\"> <div class=\"wrap gem-wrapbox-style-default\"> <div class=\"overlay-wrap\"> <div class=\"image-wrap \"> <picture> <source srcset=\"https:\/\/www.villachiara.com\/wp-content\/uploads\/2024\/11\/DSC_0396-thegem-product-justified-square-m.jpg 1x\" sizes=\"100vw\"> <img src=\"https:\/\/www.villachiara.com\/wp-content\/uploads\/2024\/11\/DSC_0396-thegem-product-justified-square-m.jpg\" width=\"400\" height=\"400\" class=\"attachment-thegem-product-justified-square-m\" alt=\"DSC_0396\" \/> <\/picture> <\/div> <div class=\"overlay \"> <div class=\"overlay-circle\"><\/div> <a href=\"https:\/\/www.villachiara.com\/wp-content\/uploads\/2024\/11\/DSC_0396.jpg\" class=\"gallery-item-link fancy-gallery\" data-fancybox=\"gallery-6a046d55784fb\"> <span class=\"slide-info\"> <\/span> <\/a> <div class=\"overlay-content\"> <div class=\"overlay-content-center\"> <div class=\"overlay-content-inner\"> <a href=\"https:\/\/www.villachiara.com\/wp-content\/uploads\/2024\/11\/DSC_0396.jpg\" class=\"icon photo \" > <\/a> <div class=\"overlay-line\"><\/div> <\/div> <\/div> <\/div> <\/div> <\/div> <\/div> <\/li> <li class=\"gallery-item gallery-0 col-xs-12 col-sm-6 col-md-4 item-animations-not-inited single-icon post-1763 page type-page status-publish\" style=\"\"> <div class=\"wrap gem-wrapbox-style-default\"> <div class=\"overlay-wrap\"> <div class=\"image-wrap \"> <picture> <source srcset=\"https:\/\/www.villachiara.com\/wp-content\/uploads\/2024\/11\/DSC_0404-thegem-product-justified-square-m.jpg 1x\" sizes=\"100vw\"> <img src=\"https:\/\/www.villachiara.com\/wp-content\/uploads\/2024\/11\/DSC_0404-thegem-product-justified-square-m.jpg\" width=\"400\" height=\"400\" class=\"attachment-thegem-product-justified-square-m\" alt=\"DSC_0404\" \/> <\/picture> <\/div> <div class=\"overlay \"> <div class=\"overlay-circle\"><\/div> <a href=\"https:\/\/www.villachiara.com\/wp-content\/uploads\/2024\/11\/DSC_0404.jpg\" class=\"gallery-item-link fancy-gallery\" data-fancybox=\"gallery-6a046d55784fb\"> <span class=\"slide-info\"> <\/span> <\/a> <div class=\"overlay-content\"> <div class=\"overlay-content-center\"> <div class=\"overlay-content-inner\"> <a href=\"https:\/\/www.villachiara.com\/wp-content\/uploads\/2024\/11\/DSC_0404.jpg\" class=\"icon photo \" > <\/a> <div class=\"overlay-line\"><\/div> <\/div> <\/div> <\/div> <\/div> <\/div> <\/div> <\/li> <li class=\"gallery-item gallery-0 col-xs-12 col-sm-6 col-md-4 item-animations-not-inited single-icon post-1763 page type-page status-publish\" style=\"\"> <div class=\"wrap gem-wrapbox-style-default\"> <div class=\"overlay-wrap\"> <div class=\"image-wrap \"> <picture> <source srcset=\"https:\/\/www.villachiara.com\/wp-content\/uploads\/2024\/11\/DSC_0407-thegem-product-justified-square-m.jpg 1x\" sizes=\"100vw\"> <img src=\"https:\/\/www.villachiara.com\/wp-content\/uploads\/2024\/11\/DSC_0407-thegem-product-justified-square-m.jpg\" width=\"400\" height=\"400\" class=\"attachment-thegem-product-justified-square-m\" alt=\"DSC_0407\" \/> <\/picture> <\/div> <div class=\"overlay \"> <div class=\"overlay-circle\"><\/div> <a href=\"https:\/\/www.villachiara.com\/wp-content\/uploads\/2024\/11\/DSC_0407.jpg\" class=\"gallery-item-link fancy-gallery\" data-fancybox=\"gallery-6a046d55784fb\"> <span class=\"slide-info\"> <\/span> <\/a> <div class=\"overlay-content\"> <div class=\"overlay-content-center\"> <div class=\"overlay-content-inner\"> <a href=\"https:\/\/www.villachiara.com\/wp-content\/uploads\/2024\/11\/DSC_0407.jpg\" class=\"icon photo \" > <\/a> <div class=\"overlay-line\"><\/div> <\/div> <\/div> <\/div> <\/div> <\/div> <\/div> <\/li> <li class=\"gallery-item gallery-0 col-xs-12 col-sm-6 col-md-4 item-animations-not-inited single-icon post-1763 page type-page status-publish\" style=\"\"> <div class=\"wrap gem-wrapbox-style-default\"> <div class=\"overlay-wrap\"> <div class=\"image-wrap \"> <picture> <source srcset=\"https:\/\/www.villachiara.com\/wp-content\/uploads\/2024\/11\/DSC_0416-thegem-product-justified-square-m.jpg 1x\" sizes=\"100vw\"> <img src=\"https:\/\/www.villachiara.com\/wp-content\/uploads\/2024\/11\/DSC_0416-thegem-product-justified-square-m.jpg\" width=\"400\" height=\"400\" class=\"attachment-thegem-product-justified-square-m\" alt=\"DSC_0416\" \/> <\/picture> <\/div> <div class=\"overlay \"> <div class=\"overlay-circle\"><\/div> <a href=\"https:\/\/www.villachiara.com\/wp-content\/uploads\/2024\/11\/DSC_0416.jpg\" class=\"gallery-item-link fancy-gallery\" data-fancybox=\"gallery-6a046d55784fb\"> <span class=\"slide-info\"> <\/span> <\/a> <div class=\"overlay-content\"> <div class=\"overlay-content-center\"> <div class=\"overlay-content-inner\"> <a href=\"https:\/\/www.villachiara.com\/wp-content\/uploads\/2024\/11\/DSC_0416.jpg\" class=\"icon photo \" > <\/a> <div class=\"overlay-line\"><\/div> <\/div> <\/div> <\/div> <\/div> <\/div> <\/div> <\/li> <li class=\"gallery-item gallery-0 col-xs-12 col-sm-6 col-md-4 item-animations-not-inited single-icon post-1763 page type-page status-publish\" style=\"\"> <div class=\"wrap gem-wrapbox-style-default\"> <div class=\"overlay-wrap\"> <div class=\"image-wrap \"> <picture> <source srcset=\"https:\/\/www.villachiara.com\/wp-content\/uploads\/2024\/11\/DSC_0423-thegem-product-justified-square-m.jpg 1x\" sizes=\"100vw\"> <img src=\"https:\/\/www.villachiara.com\/wp-content\/uploads\/2024\/11\/DSC_0423-thegem-product-justified-square-m.jpg\" width=\"400\" height=\"400\" class=\"attachment-thegem-product-justified-square-m\" alt=\"DSC_0423\" \/> <\/picture> <\/div> <div class=\"overlay \"> <div class=\"overlay-circle\"><\/div> <a href=\"https:\/\/www.villachiara.com\/wp-content\/uploads\/2024\/11\/DSC_0423.jpg\" class=\"gallery-item-link fancy-gallery\" data-fancybox=\"gallery-6a046d55784fb\"> <span class=\"slide-info\"> <\/span> <\/a> <div class=\"overlay-content\"> <div class=\"overlay-content-center\"> <div class=\"overlay-content-inner\"> <a href=\"https:\/\/www.villachiara.com\/wp-content\/uploads\/2024\/11\/DSC_0423.jpg\" class=\"icon photo \" > <\/a> <div class=\"overlay-line\"><\/div> <\/div> <\/div> <\/div> <\/div> <\/div> <\/div> <\/li> <\/ul> <\/div> <\/div> <\/div> <\/div><div class=\"clearboth\"><\/div><style>#thegem-divider-6a046d557c2d3 {margin-top: 80px !important;}<\/style><div id=\"thegem-divider-6a046d557c2d3\" class=\"gem-divider  \" style=\"\" ><\/div>[\/vc_column][\/vc_row]<\/p>\n<\/div>","protected":false},"excerpt":{"rendered":"<p>[vc_row full_width=&#8221;stretch_row_content_no_spaces&#8221;][vc_column][vc_single_image image=&#8221;1175&#8243; img_size=&#8221;full&#8221; css=&#8221;&#8221;][\/vc_column][\/vc_row][vc_row][vc_column][vc_custom_heading source=&#8221;post_title&#8221; font_container=&#8221;tag:h1|text_align:left&#8221; use_theme_fonts=&#8221;yes&#8221; css=&#8221;&#8221;][\/vc_column][\/vc_row][vc_row][vc_column width=&#8221;1\/2&#8243;][vc_column_text css=&#8221;&#8221;]Die Zimmer sind elegant und liebevoll mit jeglichem Komfort eingerichtet&#8230;<\/p>\n","protected":false},"author":1,"featured_media":0,"parent":0,"menu_order":0,"comment_status":"closed","ping_status":"closed","template":"","meta":{"footnotes":""},"class_list":["post-1763","page","type-page","status-publish"],"_links":{"self":[{"href":"https:\/\/www.villachiara.com\/de\/wp-json\/wp\/v2\/pages\/1763","targetHints":{"allow":["GET"]}}],"collection":[{"href":"https:\/\/www.villachiara.com\/de\/wp-json\/wp\/v2\/pages"}],"about":[{"href":"https:\/\/www.villachiara.com\/de\/wp-json\/wp\/v2\/types\/page"}],"author":[{"embeddable":true,"href":"https:\/\/www.villachiara.com\/de\/wp-json\/wp\/v2\/users\/1"}],"replies":[{"embeddable":true,"href":"https:\/\/www.villachiara.com\/de\/wp-json\/wp\/v2\/comments?post=1763"}],"version-history":[{"count":3,"href":"https:\/\/www.villachiara.com\/de\/wp-json\/wp\/v2\/pages\/1763\/revisions"}],"predecessor-version":[{"id":1769,"href":"https:\/\/www.villachiara.com\/de\/wp-json\/wp\/v2\/pages\/1763\/revisions\/1769"}],"wp:attachment":[{"href":"https:\/\/www.villachiara.com\/de\/wp-json\/wp\/v2\/media?parent=1763"}],"curies":[{"name":"wp","href":"https:\/\/api.w.org\/{rel}","templated":true}]}}